{"id":16197,"date":"2018-10-10T09:56:51","date_gmt":"2018-10-10T09:56:51","guid":{"rendered":"https:\/\/www.mariellaroos.com\/?page_id=16197"},"modified":"2018-10-15T06:58:46","modified_gmt":"2018-10-15T06:58:46","slug":"impressum","status":"publish","type":"page","link":"https:\/\/www.mariellaroos.com\/index.php\/impressum\/","title":{"rendered":"Impressum"},"content":{"rendered":"<h1>F\u00fcr den Inhalt verantwortlich:<\/h1>\n<p>&nbsp;<\/p>\n<p>Mariella Roos<br \/>\n<a href=\"mailto:photography@mariellaroos.com\">photography@mariellaroos.com<\/a><\/p>\n<p>&nbsp;<\/p>\n<h3><span style=\"color: #333333;\">Cookies<\/span><\/h3>\n<p>Diese Seite speichert keine Cookies.<\/p>\n<p>&nbsp;<\/p>\n<h2>Erkl\u00e4rung zur Informationspflicht<\/h2>\n<p><strong>(Datenschutzerkl\u00e4rung)<\/strong><\/p>\n<p>&nbsp;<\/p>\n<p>Der Schutz Ihrer pers\u00f6nlichen Daten ist uns ein besonderes Anliegen. Wir verarbeiten Ihre Daten daher ausschlie\u00dflich auf Grundlage der gesetzlichen Bestimmungen (DSGVO, TKG 2003). In diesen Datenschutzinformationen informieren wir Sie \u00fcber die wichtigsten Aspekte der Datenverarbeitung im Rahmen unserer Website.<\/p>\n<p>&nbsp;<\/p>\n<p><strong>Kontakt mit uns<\/strong><\/p>\n<p>Wenn Sie per Formular auf der Website oder per E-Mail Kontakt mit uns aufnehmen, werden Ihre angegebenen Daten zwecks Bearbeitung der Anfrage und f\u00fcr den Fall von Anschlussfragen sechs Monate bei uns gespeichert. Diese Daten geben wir nicht ohne Ihre Einwilligung weiter.<\/p>\n<p>&nbsp;<\/p>\n<p><strong>Ihre Rechte<\/strong><\/p>\n<p>Ihnen stehen bez\u00fcglich Ihrer bei uns gespeicherten Daten grunds\u00e4tzlich die Rechte auf Auskunft, Berichtigung, L\u00f6schung, Einschr\u00e4nkung, Daten\u00fcbertragbarkeit, Widerruf und Widerspruch zu. Wenn Sie glauben, dass die Verarbeitung Ihrer Daten gegen das Datenschutzrecht verst\u00f6\u00dft oder Ihre datenschutzrechtlichen Anspr\u00fcche sonst in einer Weise verletzt worden sind, k\u00f6nnen Sie sich bei uns <em>[<\/em><em>photography@mariellaroos.com]<\/em> oder der Datenschutzbeh\u00f6rde beschweren.<\/p>\n<p><strong>\u00a0<\/strong><\/p>\n<p><strong>Sie erreichen uns unter folgenden Kontaktdaten<\/strong>:<\/p>\n<p><em>Mariella Roos-P\u00f6schl<\/em><\/p>\n<p><em>photography@mariellaroos.com<\/em><\/p>\n<p>&nbsp;<\/p>\n","protected":false},"excerpt":{"rendered":"<p>F\u00fcr den Inhalt verantwortlich: &nbsp; Mariella Roos photography@mariellaroos.com &nbsp; Cookies Diese Seite speichert keine Cookies. &nbsp; Erkl\u00e4rung zur Informationspflicht (Datenschutzerkl\u00e4rung) &nbsp; Der Schutz Ihrer pers\u00f6nlichen Daten ist uns ein besonderes Anliegen. Wir verarbeiten Ihre Daten daher ausschlie\u00dflich auf Grundlage der gesetzlichen Bestimmungen (DSGVO, TKG 2003)&#8230;.<\/p>\n","protected":false},"author":3,"featured_media":0,"parent":0,"menu_order":0,"comment_status":"closed","ping_status":"closed","template":"","meta":{"footnotes":""},"_links":{"self":[{"href":"https:\/\/www.mariellaroos.com\/index.php\/wp-json\/wp\/v2\/pages\/16197"}],"collection":[{"href":"https:\/\/www.mariellaroos.com\/index.php\/wp-json\/wp\/v2\/pages"}],"about":[{"href":"https:\/\/www.mariellaroos.com\/index.php\/wp-json\/wp\/v2\/types\/page"}],"author":[{"embeddable":true,"href":"https:\/\/www.mariellaroos.com\/index.php\/wp-json\/wp\/v2\/users\/3"}],"replies":[{"embeddable":true,"href":"https:\/\/www.mariellaroos.com\/index.php\/wp-json\/wp\/v2\/comments?post=16197"}],"version-history":[{"count":11,"href":"https:\/\/www.mariellaroos.com\/index.php\/wp-json\/wp\/v2\/pages\/16197\/revisions"}],"predecessor-version":[{"id":16511,"href":"https:\/\/www.mariellaroos.com\/index.php\/wp-json\/wp\/v2\/pages\/16197\/revisions\/16511"}],"wp:attachment":[{"href":"https:\/\/www.mariellaroos.com\/index.php\/wp-json\/wp\/v2\/media?parent=16197"}],"curies":[{"name":"wp","href":"https:\/\/api.w.org\/{rel}","templated":true}]}}