{"id":2,"date":"2018-10-08T10:29:16","date_gmt":"2018-10-08T10:29:16","guid":{"rendered":"https:\/\/www.mariellaroos.com\/?page_id=2"},"modified":"2018-11-08T09:41:30","modified_gmt":"2018-11-08T09:41:30","slug":"bio","status":"publish","type":"page","link":"https:\/\/www.mariellaroos.com\/index.php\/bio\/","title":{"rendered":"Mariella Roos"},"content":{"rendered":"<div class=\"wpb-content-wrapper\"><p>[vc_row css_animation=&#8221;&#8221; row_type=&#8221;row&#8221; use_row_as_full_screen_section=&#8221;no&#8221; type=&#8221;full_width&#8221; angled_section=&#8221;no&#8221; text_align=&#8221;left&#8221; background_image_as_pattern=&#8221;without_pattern&#8221;][vc_column width=&#8221;3\/3&#8243;][vc_row_inner row_type=&#8221;row&#8221; type=&#8221;full_width&#8221; text_align=&#8221;left&#8221; css_animation=&#8221;&#8221;][vc_column_inner width=&#8221;1\/3&#8243;][vc_single_image image=&#8221;16541&#8243; img_size=&#8221;large&#8221; qode_css_animation=&#8221;&#8221;][\/vc_column_inner][vc_column_inner width=&#8221;2\/3&#8243;][vc_column_text css=&#8221;.vc_custom_1539246287277{padding-bottom: 40px !important;}&#8221;]<\/p>\n<h4>Artist Statement<\/h4>\n<h2>Mariella Roos<\/h2>\n<p>Ich besch\u00e4ftige mich schon seit l\u00e4ngerem mit der Tatsache, dass jeder Dinge anders sieht, je nachdem wie wir vom Leben gepr\u00e4gt wurden und das diese verschiedenen Sichtweisen das Leben bereichern.<\/p>\n<p>Meine Bilder zeigen verschiedenen Perspektiven und Ansichten, die unser Leben reicher und bunter machen. Fremde St\u00e4dte und L\u00e4nder, die man besucht und erkundet, aber auch vertraute Pl\u00e4tze pr\u00e4gen mich immer wieder aufs Neue und ver\u00e4ndern meinen Blickwinkel. Meine Werke entstehen aus Fotos von Gegenden und Dingen, die mich besonders inspirieren und zusammengef\u00fcgt meine Emotionen wiedergeben.<\/p>\n<p>In den Ebenen der Bilder spiegelt sich die Vielschichtigkeit von Gef\u00fchlen und der Gesellschaft wieder. Diese Tiefe soll ein Gegensatz zum teils oberfl\u00e4chlichen und schnelllebigen Lebensstil der heutigen Zeit sein und dazu einladen sich mit dem allt\u00e4glichen l\u00e4nger zu befassen.<\/p>\n<p>Durch die Neugestaltung des Bekannten soll der Betrachter dazu angeregt werden immer wieder etwas Neues zu sehen und offen f\u00fcr die Sichtweisen anderer zu sein[\/vc_column_text][\/vc_column_inner][\/vc_row_inner][\/vc_column][\/vc_row][vc_row css_animation=&#8221;&#8221; row_type=&#8221;row&#8221; use_row_as_full_screen_section=&#8221;no&#8221; type=&#8221;full_width&#8221; angled_section=&#8221;no&#8221; text_align=&#8221;left&#8221; background_image_as_pattern=&#8221;without_pattern&#8221;][vc_column][vc_column_text]<\/p>\n<h1>Early Work<\/h1>\n<p>&nbsp;<\/p>\n<p>Auktion f\u00fcr die Fight Aids Monaco Foundation<br \/>\nEin Kunstwerk wurde f\u00fcr die Fight Aids Monaco Foundation versteigert<br \/>\n1. Dezember 2011 und erreichte 5.000 \u20ac.<\/p>\n<p>&nbsp;<\/p>\n<p>2011<br \/>\nArbeit f\u00fcr kommerzielle Kunden<br \/>\n(Produktfotografie mit und ohne Models)<\/p>\n<p>&nbsp;<\/p>\n<p>2011<br \/>\nArbeit f\u00fcr private Kunden<br \/>\n(Kunstfotografie, Portr\u00e4ts usw.)<\/p>\n<p>&nbsp;<\/p>\n<p>2011<br \/>\nAuktion f\u00fcr die Fight Aids Monaco Foundation<br \/>\nEin Kunstwerk wurde f\u00fcr die Fight Aids Monaco Foundation versteigert<br \/>\n1. Dezember 2010 und erreichte 11.000 \u20ac.<\/p>\n<p>&nbsp;<\/p>\n<p>2010<br \/>\nProdukt- und Modellfotografie sowie Retusche f\u00fcr einen Gartenm\u00f6belkatalog<br \/>\nf\u00fcr GLG Acamp GmbH, \u00d6sterreich<\/p>\n<p>&nbsp;<\/p>\n<p>2010<br \/>\nProduktfotografie und Retusche f\u00fcr die Robust Plastics GmbH, \u00d6sterreich 2010<br \/>\nProduktfotografie und Retusche f\u00fcr Blackboat Internet UG, Deutschland 2010<br \/>\nBildung<br \/>\nSchule f\u00fcr Bildende K\u00fcnste, New York, NY<br \/>\nBachelor of Fine Arts, Fotografie,<br \/>\nAbschluss mit Auszeichnung<br \/>\nGPA 3.9;\u00a0F1 Studentenvisum<\/p>\n<p>&nbsp;<\/p>\n<p>2010<br \/>\nBerlitz, Wien, \u00d6sterreich<br \/>\n4 Sprachdiplom;\u00a0Englisch, Spanisch, Franz\u00f6sisch, Russisch<\/p>\n<p>&nbsp;<\/p>\n<p>2006 &#8211; 2007<br \/>\nWirtschaftsuniversit\u00e4t Wien,<br \/>\nBA \/ MA, Betriebswirtschaft<\/p>\n<p>&nbsp;<\/p>\n<p>2006<br \/>\nAusstellungen<br \/>\nHospiz St.Christoph<br \/>\nEinladung zur Ausstellung in der Hospiz Gallery des Arlberg Hosipz Hotels, A-6580<br \/>\nSt. Christoph \/ Arlberg im M\u00e4rz 2012<\/p>\n<p>&nbsp;<\/p>\n<p>2012<br \/>\nABSOLUT art-com Eine von ABSOLUT Vodka gesponserte Ausstellung<br \/>\nK\u00fcnstler, die durch einen Wettbewerb ausgew\u00e4hlt wurden.<br \/>\n27. September &#8211; 22. Oktober;\u00a0Schottenfeldgasse 69, 1070 Wien<\/p>\n<p>&nbsp;<\/p>\n<p>2010<br \/>\nDie Highlights der Photography Collection von aZure Collection<br \/>\nEine Ausstellung im Barclays Wealth, Monaco<br \/>\n19. April &#8211; 28. Mai 2010<\/p>\n<p>&nbsp;<\/p>\n<p>2010<br \/>\nSenior Show Eine Ausstellung der graduierten Fotografie &#8211; Studenten kuratiert von<br \/>\njeder Diplom-Lehrer.<br \/>\nKurator: Paul Moakley;\u00a025. April &#8211; 15. Mai, 214 East 21st Street, 6. Stock, neu<br \/>\nYork<\/p>\n<p>&nbsp;<\/p>\n<p>2010<br \/>\nMentor Show Eine Ausstellung von Werken ausgew\u00e4hlter SVA Photography<br \/>\nAbteilungs Studenten, inspiriert durch ihre Arbeitsbeziehungen mit f\u00fchrenden<br \/>\nMitglieder der New Yorker Kunstszene.\u00a0Mentor: Lisa Naftolin;<br \/>\nKurator: Stephen Frailey;\u00a019. M\u00e4rz &#8211; 3. April;\u00a0601 West 26. Stra\u00dfe, 15. Stock,<br \/>\nNew York<\/p>\n<p>&nbsp;<\/p>\n<p>2010<br \/>\nMode Kunst.\u00a0Nicht Kunst.\u00a0Advanced Fashion Photography Klassenausstellung;<br \/>\nKurator: Janusz Kawa;\u00a021. September-Okt.\u00a02.;\u00a06. Stock &#8211; 214 East 21st Street, neu York<\/p>\n<p>&nbsp;<\/p>\n<p>2009<br \/>\nFondationsausstellung Freshman Show;<br \/>\nKuratoren: Stephen Frailey, Abby Robinson: 18. April &#8211; 26. April;\u00a0209 Ost 23<br \/>\nStra\u00dfe, New York<\/p>\n<p>&nbsp;<\/p>\n<p>2008<br \/>\nCollege-Kunst.\u00a0Eine Ausstellung der Schwarz &#8211; Wei\u00df &#8211; Druckklasse im<br \/>\nPolycollege Wieden.<br \/>\nKurator: Jakob Calice, Christian Punzengruber, Thomas W. Ripl;\u00a019. &#8211; Nov.<br \/>\n17.;\u00a0Polywieden, Danhausergasse 1, 1040 Wien<\/p>\n<p>&nbsp;<\/p>\n<p>2006<br \/>\nPraktika<br \/>\n<a href=\"http:\/\/wnet.org\/\">WNET.ORG<\/a>, New York<br \/>\nUnterst\u00fctzen Sie den Senior Staff Photographer beim Ausf\u00fchren einer hauseigenen Fotografie<br \/>\nAbteilung, die den Bed\u00fcrfnissen eines qualit\u00e4tsorientierten \u00f6ffentlichen Medienunternehmens von<br \/>\n\u00fcber 400 Menschen.\u00a0Verantwortungsbereiche beinhalten: Schie\u00dfauftr\u00e4ge in der<br \/>\nStudio und vor Ort;\u00a0Retuschieren von Originalfotos;\u00a0Film und digitales Bild<br \/>\nArchivverwaltung;\u00a0Wartung von Ausr\u00fcstung und Zubeh\u00f6r, Farbprofilierung<br \/>\nund Kalibrierung von Monitoren, Scannern, Druckern und<br \/>\nKameras;\u00a0Kenntnisse in<br \/>\nMac- und PC-Plattformen.<\/p>\n<p>&nbsp;<\/p>\n<p>2010<br \/>\nStilCaster, New York<br \/>\nUnterst\u00fctzen Sie den Chief Production Officer beim Aufbau einer Bilderbibliothek f\u00fcr die<br \/>\nMode-Website eines Start-up-Unternehmens.\u00a0Aufgaben enthalten: Einrichten f\u00fcr im Studio<br \/>\nTriebe;\u00a0Styling der Produkte und Tethered Shooting;\u00a0Sichern von Bildern und<br \/>\nVerarbeitung mit Capture One Software;\u00a0silhouettieren und vorbereiten<br \/>\nBilder f\u00fcr die Website.<\/p>\n<p>&nbsp;<\/p>\n<p>2009<br \/>\nVerschiedenes<br \/>\nArtist Residency im Hospiz St.Christoph<br \/>\nEinladung zur Artist Residency im Arlberg Hosipz Hotel, A-6580 St. Christoph \/ Arlberg in<br \/>\nM\u00e4rz 2012 einschlie\u00dflich einer Ausstellung.<br \/>\nNominierung f\u00fcr den Merit Award der Alumni-Gesellschaft<br \/>\nDiese Auszeichnung wird an einen BFA-Absolventen verliehen, dessen kontinuierliche Bem\u00fchungen dem gesamten Projekt zugute gekommen sind<br \/>\nVisual Arts Community bei der SVA.\u00a0Als Kandidat haben Sie eine F\u00fchrungsrolle \u00fcbernommen und haben zu der. Beigetragen<br \/>\nQualit\u00e4t des Campus-Lebens sowie Aufrechterhaltung eines hohen GPA.<br \/>\nFoto-Bezirks-Nachrichten: Foto des Tages<br \/>\nPDN hat am 28. April zwei Bilder aus der Berlin Series f\u00fcr ihren Blog &#8220;Photo of the Day&#8221; ausgew\u00e4hlt<br \/>\nSpezialisierte F\u00e4higkeiten<br \/>\nTechnische F\u00e4higkeiten Canon D-SLR-System, 35mm, Mittelformat Digital Backs (Blatt, H3D),<br \/>\nTungsten und Strobe Beleuchtung,<br \/>\nRetusche, Sch\u00f6nheitsretusche, Compositing, Farbkorrektur,<br \/>\nComputerkenntnisse Photoshop CS3 \/ CS4 \/ CS5, Br\u00fccke, Capture One, Phocus-Software, Canon<br \/>\nSoftware, Mac beherrschen, PC beherrschen, MS Word, Excel, Energiepunkt,<br \/>\nWacom Grafiktabletten,<br \/>\nSprachen Deutsch (Muttersprache), Englisch (flie\u00dfend), Franz\u00f6sisch (gut), Spanisch (Grundkenntnisse)<br \/>\nWorkAuction f\u00fcr die Fight Aids Monaco FoundationEin Kunstwerk wurde am 1. Dezember 2011 f\u00fcr die Stiftung Fight Aids Monaco versteigert und erreichte 5.000 \u20ac .<\/p>\n<p>&nbsp;<\/p>\n<p>2011<\/p>\n<p>Arbeit f\u00fcr gewerbliche Kunden (Produktfotografie mit und ohne Models) 2011Arbeit f\u00fcr Privatkunden (Kunstfotografie, Portraits, etc .) 2011Auktion f\u00fcr die Fight Aids Monaco-StiftungEin Kunstwerk wurde am 1.Dezember 2010 f\u00fcr die Stiftung Fight Aids Monaco versteigert und erreichte 11.000 \u20ac .2010Produkt- und Modellfotografie sowie Retusche f\u00fcr einen Garten-M\u00f6bel-Katalogf\u00fcr die GLG Acamp GmbH, \u00d6sterreich2010Produkt-Fotografie und Retusche f\u00fcr die Robust Plastics GmbH, \u00d6sterreich 2010Produktfotografie und Retusche f\u00fcr Blackboat Internet UG, Deutschland 2010BildungSchool of Visual Arts, New York, NYBachelor of Fine Arts, Fotografie, Abschluss mit HonoursGPA 3.9;\u00a0F1 Studentenvisum2010Berlitz, Wien,\u00a0Austria4 Sprachdiplom;\u00a0Englisch, Spanisch, Franz\u00f6sisch, Russisch2006 &#8211; 2007Vienna University of Economics and Business Administration, BA \/ MA, Betriebswirtschaft2006AusstellungenHospiz St.ChristophEinladung zur Ausstellung in der Hospiz Gallery des Arlberg Hosipz Hotel, A-6580St.\u00a0Christoph \/ Arlberg im M\u00e4rz 20122012ABSOLUT art-com Eine von ABSOLUT Vodkafahrten gesponserte Ausstellung von K\u00fcnstlern, die durch einen Wettbewerb ausgew\u00e4hlt wurden.\u00a027. &#8211; 22. Oktober;\u00a0Schottenfeldgasse 69, 1070 Wien2010Die Highlights der Photographischen Sammlung der Sammlung aZureEine Ausstellung im Barclays Wealth, MonacoApril 19. &#8211; 28. Mai 20102010Senior Show Eine Ausstellung der Studenten der graduierten Fotografie, kuratiert von jedem Thesis-Lehrer. Kurator: Paul Moakley;\u00a025. April &#8211; 15. Mai, 214 East 21st Street, 6. Stock,\u00a0NewYork2010Mentor Show Eine Ausstellung von ausgew\u00e4hlten Studenten der SVA Photographydepartments, inspiriert von ihren Arbeitsbeziehungen mit f\u00fchrenden Mitgliedern der New Yorker Kunstszene.\u00a0Mentor: Lisa Naftolin, Kurator: Stephen Frailey;\u00a019. M\u00e4rz &#8211; 3. April;\u00a0601 West 26th Street, 15. Stock, New York2010Fashion Art.\u00a0Nicht Kunst.\u00a0Advanced Fashion Photography Class Ausstellung, Kurator: Janusz Kawa;\u00a021. September-Okt.\u00a02.;\u00a06. Stock &#8211; 214 East 21st Street, NewYork2009Fondationsausstellung Freshman Show, Kuratoren: Stephen Frailey, Abby Robinson: 18. April &#8211; 26. April;\u00a0209 East 23rdStreet, New York2008College-art.\u00a0Eine Ausstellung der Schwarz-Wei\u00df-Druckklasse im Polycollege Wieden. Kurator: Jakob Calice, Christian Punzengruber, Thomas W. Ripl;\u00a019. Oktober &#8211; 17. November;\u00a0Polywieden, Danhausergasse 1, 1040 Wien2006PraktikaWNET.ORG,\u00a0New YorkAssist der Senior Staff Photographer bei der Leitung einer internen Fotoabteilung, die die Bed\u00fcrfnisse eines qualit\u00e4tsorientierten \u00f6ffentlichen Medienunternehmens mit mehr als 400 Mitarbeitern bedient.\u00a0Verantwortungsbereiche sind: Schie\u00dfauftr\u00e4ge im Studio und vor Ort;\u00a0Retuschieren von Originalfotos;\u00a0Verwaltung von Filmen und digitalen Bildarchiven;\u00a0Wartung von Ausr\u00fcstung und Zubeh\u00f6r, Farbprofilierung und Kalibrierung von Monitoren, Scannern, Druckern und Kameras;\u00a0Kenntnisse in Mac- und PC-Plattformen 2010StyleCaster, New YorkSupport the Chief Production Officer beim Aufbau einer Bilderbibliothek f\u00fcr die Fashion-Website eines Start-up-Unternehmens.\u00a0Aufgaben enthalten: Einrichten f\u00fcr In-Studio-Shootings;\u00a0Styling der Produkte und Tethered Shooting;\u00a0Sichern von Bildern undVerarbeiten mit der Capture One-Software;\u00a0Silhouetten und Vorbereitung von Bildern f\u00fcr die Website.\u00a02009MiscellaneousArtist Residency im Hospiz St.ChristophEinladung zur K\u00fcnstlerresidenz im Arlberg Hosipz Hotel, A-6580 St. Christoph \/ Arlberg imM\u00e4rz 2012 mit einem Exponat.Nomination f\u00fcr den Alumni-F\u00f6rderpreisDieser Preis wird an einen graduierten BFA-Studenten verliehen, dessen kontinuierliche Bem\u00fchungen hat der gesamtenVisual Arts Community bei SVA geholfen.\u00a0Als Kandidat hast du F\u00fchrung gezeigt und zur Campusqualit\u00e4t beigetragen sowie einen hohen GPA beibehalten.Foto District News: Foto des DayPDN w\u00e4hlte am 28. April zwei Bilder aus der Berlin Series f\u00fcr ihren &#8220;Photo of the Day&#8221; BlogSpezialisierte F\u00e4higkeitenTechnisch F\u00e4higkeiten Canon D-SLR System, 35mm, Mittelformat Digitale R\u00fcckteile (Blatt, H3D), Tungsten und Strobe Beleuchtung, Retusche, Sch\u00f6nheitsretusche, Compositing, Farbkorrektur, Computerkenntnisse Photoshop CS3 \/ CS4 \/ CS5, Bridge[\/vc_column_text][\/vc_column][\/vc_row]<\/p>\n<\/div>","protected":false},"excerpt":{"rendered":"<p>[vc_row css_animation=&#8221;&#8221; row_type=&#8221;row&#8221; use_row_as_full_screen_section=&#8221;no&#8221; type=&#8221;full_width&#8221; angled_section=&#8221;no&#8221; text_align=&#8221;left&#8221; background_image_as_pattern=&#8221;without_pattern&#8221;][vc_column width=&#8221;3\/3&#8243;][vc_row_inner row_type=&#8221;row&#8221; type=&#8221;full_width&#8221; text_align=&#8221;left&#8221; css_animation=&#8221;&#8221;][vc_column_inner width=&#8221;1\/3&#8243;][vc_single_image image=&#8221;16541&#8243; img_size=&#8221;large&#8221; qode_css_animation=&#8221;&#8221;][\/vc_column_inner][vc_column_inner width=&#8221;2\/3&#8243;][vc_column_text css=&#8221;.vc_custom_1539246287277{padding-bottom: 40px !important;}&#8221;] Artist Statement Mariella Roos Ich besch\u00e4ftige mich schon seit l\u00e4ngerem mit der Tatsache, dass jeder Dinge anders sieht, je nachdem wie wir vom Leben&#8230;<\/p>\n","protected":false},"author":1,"featured_media":0,"parent":0,"menu_order":0,"comment_status":"closed","ping_status":"open","template":"","meta":{"footnotes":""},"_links":{"self":[{"href":"https:\/\/www.mariellaroos.com\/index.php\/wp-json\/wp\/v2\/pages\/2"}],"collection":[{"href":"https:\/\/www.mariellaroos.com\/index.php\/wp-json\/wp\/v2\/pages"}],"about":[{"href":"https:\/\/www.mariellaroos.com\/index.php\/wp-json\/wp\/v2\/types\/page"}],"author":[{"embeddable":true,"href":"https:\/\/www.mariellaroos.com\/index.php\/wp-json\/wp\/v2\/users\/1"}],"replies":[{"embeddable":true,"href":"https:\/\/www.mariellaroos.com\/index.php\/wp-json\/wp\/v2\/comments?post=2"}],"version-history":[{"count":33,"href":"https:\/\/www.mariellaroos.com\/index.php\/wp-json\/wp\/v2\/pages\/2\/revisions"}],"predecessor-version":[{"id":16490,"href":"https:\/\/www.mariellaroos.com\/index.php\/wp-json\/wp\/v2\/pages\/2\/revisions\/16490"}],"wp:attachment":[{"href":"https:\/\/www.mariellaroos.com\/index.php\/wp-json\/wp\/v2\/media?parent=2"}],"curies":[{"name":"wp","href":"https:\/\/api.w.org\/{rel}","templated":true}]}}